{"id":106812,"date":"2024-01-04T12:27:37","date_gmt":"2024-01-04T11:27:37","guid":{"rendered":"https:\/\/www.nbdogclothing.com\/cart\/"},"modified":"2024-11-21T23:49:58","modified_gmt":"2024-11-21T22:49:58","slug":"cart","status":"publish","type":"page","link":"https:\/\/www.nbdogclothing.com\/en\/cart\/","title":{"rendered":"Cart"},"content":{"rendered":"<p>[et_pb_section admin_label=&#8221;section&#8221;]<br \/>\n\t\t\t[et_pb_row admin_label=&#8221;row&#8221;]<br \/>\n\t\t\t\t[et_pb_column type=&#8221;4_4&#8243;][et_pb_text admin_label=&#8221;Text&#8221;]<\/p>\n<div class=\"wp-block-woocommerce-cart alignwide is-loading\">\n<div class=\"wp-block-woocommerce-filled-cart-block\">\n<div class=\"wp-block-woocommerce-cart-items-block\">\n<div class=\"wp-block-woocommerce-cart-line-items-block\"><\/div>\n<div class=\"wp-block-woocommerce-cart-cross-sells-block\">\n<h2 class=\"wp-block-heading has-large-font-size\">You can be interested in&#8230;<\/h2>\n<div class=\"wp-block-woocommerce-cart-cross-sells-products-block\"><\/div>\n<\/div>\n<\/div>\n<div class=\"wp-block-woocommerce-cart-totals-block\">\n<div class=\"wp-block-woocommerce-cart-order-summary-block\">\n<div class=\"wp-block-woocommerce-cart-order-summary-heading-block\"><\/div>\n<div class=\"wp-block-woocommerce-cart-order-summary-coupon-form-block\"><\/div>\n<div class=\"wp-block-woocommerce-cart-order-summary-subtotal-block\"><\/div>\n<div class=\"wp-block-woocommerce-cart-order-summary-fee-block\"><\/div>\n<div class=\"wp-block-woocommerce-cart-order-summary-discount-block\"><\/div>\n<div class=\"wp-block-woocommerce-cart-order-summary-shipping-block\"><\/div>\n<div class=\"wp-block-woocommerce-cart-order-summary-taxes-block\"><\/div>\n<\/div>\n<div class=\"wp-block-woocommerce-cart-express-payment-block\"><\/div>\n<div class=\"wp-block-woocommerce-proceed-to-checkout-block\"><\/div>\n<div class=\"wp-block-woocommerce-cart-accepted-payment-methods-block\"><\/div>\n<\/div>\n<\/div>\n<div class=\"wp-block-woocommerce-empty-cart-block\">\n<h2 class=\"wp-block-heading has-text-align-center with-empty-cart-icon wc-block-cart__empty-cart__title\">Your cart is empty.<\/h2>\n<hr class=\"wp-block-separator has-alpha-channel-opacity is-style-dots\"\/>\n<h2 class=\"wp-block-heading has-text-align-center\">News in our shop<\/h2>\n<\/div>\n<\/div>\n<p>[\/et_pb_text][\/et_pb_column]<br \/>\n\t\t\t[\/et_pb_row]<br \/>\n\t\t[\/et_pb_section]<\/p>\n","protected":false},"excerpt":{"rendered":"<p>You can be interested in&#8230; Your cart is empty. News in our shop<\/p>\n","protected":false},"author":1,"featured_media":0,"parent":0,"menu_order":0,"comment_status":"closed","ping_status":"closed","template":"","meta":{"_et_pb_use_builder":"on","_et_pb_old_content":"","_et_gb_content_width":"","footnotes":""},"class_list":["post-106812","page","type-page","status-publish","hentry"],"yoast_head":"<!-- This site is optimized with the Yoast SEO plugin v23.9 - https:\/\/yoast.com\/wordpress\/plugins\/seo\/ -->\n<title>V\u00e1\u0161 n\u00e1kupn\u00fd ko\u0161\u00edk | NB Dog Clothing<\/title>\n<meta name=\"description\" content=\"Prezrite si vybran\u00e9 polo\u017eky oble\u010denia pre psov a pokra\u010dujte k pokladni. Bezpe\u010dn\u00e9 mo\u017enosti platby a jednoduch\u00fd proces objedn\u00e1vky.\" \/>\n<meta name=\"robots\" content=\"index, follow, max-snippet:-1, max-image-preview:large, max-video-preview:-1\" \/>\n<link rel=\"canonical\" href=\"https:\/\/www.nbdogclothing.com\/en\/cart\/\" \/>\n<meta property=\"og:locale\" content=\"en_US\" \/>\n<meta property=\"og:type\" content=\"article\" \/>\n<meta property=\"og:title\" content=\"V\u00e1\u0161 n\u00e1kupn\u00fd ko\u0161\u00edk | NB Dog Clothing\" \/>\n<meta property=\"og:description\" content=\"Prezrite si vybran\u00e9 polo\u017eky oble\u010denia pre psov a pokra\u010dujte k pokladni. Bezpe\u010dn\u00e9 mo\u017enosti platby a jednoduch\u00fd proces objedn\u00e1vky.\" \/>\n<meta property=\"og:url\" content=\"https:\/\/www.nbdogclothing.com\/en\/cart\/\" \/>\n<meta property=\"og:site_name\" content=\"NB Dog Clothing | Oble\u010denie pre v\u0161etky psy\" \/>\n<meta property=\"article:modified_time\" content=\"2024-11-21T22:49:58+00:00\" \/>\n<meta name=\"twitter:card\" content=\"summary_large_image\" \/>\n<meta name=\"twitter:label1\" content=\"Est. reading time\" \/>\n\t<meta name=\"twitter:data1\" content=\"1 minute\" \/>\n<script type=\"application\/ld+json\" class=\"yoast-schema-graph\">{\"@context\":\"https:\/\/schema.org\",\"@graph\":[{\"@type\":\"WebPage\",\"@id\":\"https:\/\/www.nbdogclothing.com\/en\/cart\/\",\"url\":\"https:\/\/www.nbdogclothing.com\/en\/cart\/\",\"name\":\"V\u00e1\u0161 n\u00e1kupn\u00fd ko\u0161\u00edk | NB Dog Clothing\",\"isPartOf\":{\"@id\":\"https:\/\/www.nbdogclothing.com\/en\/#website\"},\"datePublished\":\"2024-01-04T11:27:37+00:00\",\"dateModified\":\"2024-11-21T22:49:58+00:00\",\"description\":\"Prezrite si vybran\u00e9 polo\u017eky oble\u010denia pre psov a pokra\u010dujte k pokladni. Bezpe\u010dn\u00e9 mo\u017enosti platby a jednoduch\u00fd proces objedn\u00e1vky.\",\"breadcrumb\":{\"@id\":\"https:\/\/www.nbdogclothing.com\/en\/cart\/#breadcrumb\"},\"inLanguage\":\"en-US\",\"potentialAction\":[{\"@type\":\"ReadAction\",\"target\":[\"https:\/\/www.nbdogclothing.com\/en\/cart\/\"]}]},{\"@type\":\"BreadcrumbList\",\"@id\":\"https:\/\/www.nbdogclothing.com\/en\/cart\/#breadcrumb\",\"itemListElement\":[{\"@type\":\"ListItem\",\"position\":1,\"name\":\"Home\",\"item\":\"https:\/\/www.nbdogclothing.com\/en\/\"},{\"@type\":\"ListItem\",\"position\":2,\"name\":\"Cart\"}]},{\"@type\":\"WebSite\",\"@id\":\"https:\/\/www.nbdogclothing.com\/en\/#website\",\"url\":\"https:\/\/www.nbdogclothing.com\/en\/\",\"name\":\"NB Dog Clothing | Oble\u010denie pre v\u0161etky psy\",\"description\":\"\",\"potentialAction\":[{\"@type\":\"SearchAction\",\"target\":{\"@type\":\"EntryPoint\",\"urlTemplate\":\"https:\/\/www.nbdogclothing.com\/en\/?s={search_term_string}\"},\"query-input\":{\"@type\":\"PropertyValueSpecification\",\"valueRequired\":true,\"valueName\":\"search_term_string\"}}],\"inLanguage\":\"en-US\"}]}<\/script>\n<!-- \/ Yoast SEO plugin. -->","yoast_head_json":{"title":"V\u00e1\u0161 n\u00e1kupn\u00fd ko\u0161\u00edk | NB Dog Clothing","description":"Prezrite si vybran\u00e9 polo\u017eky oble\u010denia pre psov a pokra\u010dujte k pokladni. Bezpe\u010dn\u00e9 mo\u017enosti platby a jednoduch\u00fd proces objedn\u00e1vky.","robots":{"index":"index","follow":"follow","max-snippet":"max-snippet:-1","max-image-preview":"max-image-preview:large","max-video-preview":"max-video-preview:-1"},"canonical":"https:\/\/www.nbdogclothing.com\/en\/cart\/","og_locale":"en_US","og_type":"article","og_title":"V\u00e1\u0161 n\u00e1kupn\u00fd ko\u0161\u00edk | NB Dog Clothing","og_description":"Prezrite si vybran\u00e9 polo\u017eky oble\u010denia pre psov a pokra\u010dujte k pokladni. Bezpe\u010dn\u00e9 mo\u017enosti platby a jednoduch\u00fd proces objedn\u00e1vky.","og_url":"https:\/\/www.nbdogclothing.com\/en\/cart\/","og_site_name":"NB Dog Clothing | Oble\u010denie pre v\u0161etky psy","article_modified_time":"2024-11-21T22:49:58+00:00","twitter_card":"summary_large_image","twitter_misc":{"Est. reading time":"1 minute"},"schema":{"@context":"https:\/\/schema.org","@graph":[{"@type":"WebPage","@id":"https:\/\/www.nbdogclothing.com\/en\/cart\/","url":"https:\/\/www.nbdogclothing.com\/en\/cart\/","name":"V\u00e1\u0161 n\u00e1kupn\u00fd ko\u0161\u00edk | NB Dog Clothing","isPartOf":{"@id":"https:\/\/www.nbdogclothing.com\/en\/#website"},"datePublished":"2024-01-04T11:27:37+00:00","dateModified":"2024-11-21T22:49:58+00:00","description":"Prezrite si vybran\u00e9 polo\u017eky oble\u010denia pre psov a pokra\u010dujte k pokladni. Bezpe\u010dn\u00e9 mo\u017enosti platby a jednoduch\u00fd proces objedn\u00e1vky.","breadcrumb":{"@id":"https:\/\/www.nbdogclothing.com\/en\/cart\/#breadcrumb"},"inLanguage":"en-US","potentialAction":[{"@type":"ReadAction","target":["https:\/\/www.nbdogclothing.com\/en\/cart\/"]}]},{"@type":"BreadcrumbList","@id":"https:\/\/www.nbdogclothing.com\/en\/cart\/#breadcrumb","itemListElement":[{"@type":"ListItem","position":1,"name":"Home","item":"https:\/\/www.nbdogclothing.com\/en\/"},{"@type":"ListItem","position":2,"name":"Cart"}]},{"@type":"WebSite","@id":"https:\/\/www.nbdogclothing.com\/en\/#website","url":"https:\/\/www.nbdogclothing.com\/en\/","name":"NB Dog Clothing | Oble\u010denie pre v\u0161etky psy","description":"","potentialAction":[{"@type":"SearchAction","target":{"@type":"EntryPoint","urlTemplate":"https:\/\/www.nbdogclothing.com\/en\/?s={search_term_string}"},"query-input":{"@type":"PropertyValueSpecification","valueRequired":true,"valueName":"search_term_string"}}],"inLanguage":"en-US"}]}},"_links":{"self":[{"href":"https:\/\/www.nbdogclothing.com\/en\/wp-json\/wp\/v2\/pages\/106812","targetHints":{"allow":["GET"]}}],"collection":[{"href":"https:\/\/www.nbdogclothing.com\/en\/wp-json\/wp\/v2\/pages"}],"about":[{"href":"https:\/\/www.nbdogclothing.com\/en\/wp-json\/wp\/v2\/types\/page"}],"author":[{"embeddable":true,"href":"https:\/\/www.nbdogclothing.com\/en\/wp-json\/wp\/v2\/users\/1"}],"replies":[{"embeddable":true,"href":"https:\/\/www.nbdogclothing.com\/en\/wp-json\/wp\/v2\/comments?post=106812"}],"version-history":[{"count":6,"href":"https:\/\/www.nbdogclothing.com\/en\/wp-json\/wp\/v2\/pages\/106812\/revisions"}],"predecessor-version":[{"id":110177,"href":"https:\/\/www.nbdogclothing.com\/en\/wp-json\/wp\/v2\/pages\/106812\/revisions\/110177"}],"wp:attachment":[{"href":"https:\/\/www.nbdogclothing.com\/en\/wp-json\/wp\/v2\/media?parent=106812"}],"curies":[{"name":"wp","href":"https:\/\/api.w.org\/{rel}","templated":true}]}}