{"id":108713,"date":"2024-01-13T18:03:30","date_gmt":"2024-01-13T17:03:30","guid":{"rendered":"https:\/\/www.nbdogclothing.com\/cookie-policy-eu\/"},"modified":"2024-11-21T23:55:08","modified_gmt":"2024-11-21T22:55:08","slug":"cookie-policy-eu","status":"publish","type":"page","link":"https:\/\/www.nbdogclothing.com\/en\/cookie-policy-eu\/","title":{"rendered":"Cookie Policy (E\u00da)"},"content":{"rendered":"<p>[et_pb_section fb_built=&#8221;1&#8243; custom_padding_last_edited=&#8221;on|desktop&#8221; _builder_version=&#8221;4.24.2&#8243; _module_preset=&#8221;default&#8221; background_color=&#8221;rgba(2,0,0,0.07)&#8221; background_image=&#8221;https:\/\/www.nbdogclothing.com\/wp-content\/uploads\/2024\/03\/painting_service_topcover_w_dogs.webp&#8221; background_position=&#8221;bottom_center&#8221; custom_padding_tablet=&#8221;5px||5px||true|false&#8221; custom_padding_phone=&#8221;5px||5px||true|false&#8221; global_colors_info=&#8221;{}&#8221; background__hover_enabled=&#8221;off|desktop&#8221;][et_pb_row _builder_version=&#8221;4.16&#8243; _module_preset=&#8221;default&#8221; global_colors_info=&#8221;{}&#8221;][et_pb_column type=&#8221;4_4&#8243; _builder_version=&#8221;4.16&#8243; _module_preset=&#8221;default&#8221; global_colors_info=&#8221;{}&#8221;][et_pb_text admin_label=&#8221;About Us&#8221; _builder_version=&#8221;4.24.2&#8243; _module_preset=&#8221;default&#8221; header_font_size=&#8221;50px&#8221; text_orientation=&#8221;center&#8221; header_font_size_tablet=&#8221;40px&#8221; header_font_size_phone=&#8221;30px&#8221; header_font_size_last_edited=&#8221;on|phone&#8221; global_colors_info=&#8221;{}&#8221;]<\/p>\n<h1><a class=\"row-title\" href=\"https:\/\/www.nbdogclothing.com\/wp-admin\/post.php?post=561&amp;action=edit\" aria-label=\"\u201cZ\u00e1sady pou\u017e\u00edvania s\u00faborov cookie (E\u00da)\u201d (Upravi\u0165)\">Cookie Policy<br \/><\/a><\/h1>\n<p>[\/et_pb_text][\/et_pb_column][\/et_pb_row][\/et_pb_section][et_pb_section fb_built=&#8221;1&#8243; _builder_version=&#8221;4.24.2&#8243; _module_preset=&#8221;default&#8221; global_colors_info=&#8221;{}&#8221;][et_pb_row use_custom_gutter=&#8221;on&#8221; gutter_width=&#8221;1&#8243; _builder_version=&#8221;4.24.2&#8243; _module_preset=&#8221;default&#8221; custom_padding=&#8221;2px|||||&#8221; global_colors_info=&#8221;{}&#8221;][et_pb_column type=&#8221;4_4&#8243; _builder_version=&#8221;4.24.2&#8243; _module_preset=&#8221;default&#8221; global_colors_info=&#8221;{}&#8221;][et_pb_text _builder_version=&#8221;4.27.0&#8243; _module_preset=&#8221;default&#8221; text_text_color=&#8221;#333333&#8243; hover_enabled=&#8221;0&#8243; global_colors_info=&#8221;{}&#8221; sticky_enabled=&#8221;0&#8243;]<\/p>\n<h4><strong>What are cookies?<\/strong><\/h4>\n<div class=\"cookie-policy-p\">\n<p>This Cookie Policy explains what cookies are and how we use them, the types of cookies we use, i.e. the information we collect through cookies and how we use that information, as well as how to manage cookie settings.<\/p>\n<p>Cookies are small text files used to store small pieces of information. They are stored on your device when the website is loaded in your browser. These cookies help us ensure the website functions correctly, is more secure, provides a better user experience, understands how the website performs, and analyzes what works and where improvements are needed.  <\/p>\n<\/div>\n<p>&nbsp;<\/p>\n<h4><strong>How do we use cookies?<\/strong><\/h4>\n<div class=\"cookie-policy-p\">\n<p>Like most online services, our website uses both first-party and third-party cookies for various purposes. First-party cookies are mostly necessary for the website to function correctly and do not collect any personally identifiable information. <\/p>\n<p>Third-party cookies used on our website primarily help us understand how the website functions, how you interact with our website, ensure the security of our services, provide relevant advertisements, and generally offer a better and improved user experience, as well as speed up your future interactions with our website.<\/p>\n<\/div>\n<p>&nbsp;<\/p>\n<h3 style=\"margin-bottom: 20px;\"><strong>Manage Cookie Preferences<\/strong><\/h3>\n<p><span style=\"text-decoration: underline;\"><strong><a class=\"cky-banner-element\">Cookie Settings<\/a><\/strong><\/span><\/p>\n<div>\n<p>&nbsp;<\/p>\n<p>You can change your cookie preferences at any time by clicking the button above. This will bring up the cookie consent banner again, allowing you to change your preferences or withdraw your consent immediately. <\/p>\n<p>Additionally, different browsers offer different methods to block and delete cookies used by websites. You can change your browser settings to block\/delete cookies. Below are links to the support documents on how to manage and delete cookies in major web browsers.  <\/p>\n<p><strong><\/strong><\/p>\n<p><strong>Chrome:<\/strong> <a target=\"_blank\" href=\"https:\/\/support.google.com\/accounts\/answer\/32050\" rel=\"noopener\">https:\/\/support.google.com\/accounts\/answer\/32050<\/a><\/p>\n<p><strong>Safari:<\/strong> <a target=\"_blank\" href=\"https:\/\/support.apple.com\/en-in\/guide\/safari\/sfri11471\/mac\" rel=\"noopener\">https:\/\/support.apple.com\/en-in\/guide\/safari\/sfri11471\/mac<\/a><\/p>\n<p><strong>Firefox:<\/strong> <a target=\"_blank\" href=\"https:\/\/support.mozilla.org\/en-US\/kb\/clear-cookies-and-site-data-firefox?redirectslug=delete-cookies-remove-info-websites-stored&amp;redirectlocale=en-US\" rel=\"noopener\">https:\/\/support.mozilla.org\/en-US\/kb\/clear-cookies-and-site-data-firefox?redirectslug=delete-cookies-remove-info-websites-stored&amp;redirectlocale=en-US<\/a><\/p>\n<p><strong>Internet Explorer:<\/strong> <a target=\"_blank\" href=\"https:\/\/support.microsoft.com\/en-us\/topic\/how-to-delete-cookie-files-in-internet-explorer-bca9446f-d873-78de-77ba-d42645fa52fc\" rel=\"noopener\">https:\/\/support.microsoft.com\/en-us\/topic\/how-to-delete-cookie-files-in-internet-explorer-bca9446f-d873-78de-77ba-d42645fa52fc<\/a><\/p>\n<p>If you are using another web browser, please visit your browser&#8217;s official support documents.<\/p>\n<p>&nbsp;<\/p>\n<p>Effective Date: 13th October 2024<br \/>Last Updated: 13th October 2024  <\/p>\n<\/div>\n<p>[\/et_pb_text][\/et_pb_column][\/et_pb_row][\/et_pb_section]<\/p>\n","protected":false},"excerpt":{"rendered":"<p>Cookie PolicyWhat are cookies? This Cookie Policy explains what cookies are and how we use them, the types of cookies we use, i.e. the information we collect through cookies and how we use that information, as well as how to manage cookie settings. Cookies are small text files used to store small pieces of information. [&hellip;]<\/p>\n","protected":false},"author":1,"featured_media":0,"parent":0,"menu_order":0,"comment_status":"closed","ping_status":"closed","template":"","meta":{"_et_pb_use_builder":"on","_et_pb_old_content":"","_et_gb_content_width":"","footnotes":""},"class_list":["post-108713","page","type-page","status-publish","hentry"],"yoast_head":"<!-- This site is optimized with the Yoast SEO plugin v23.9 - https:\/\/yoast.com\/wordpress\/plugins\/seo\/ -->\n<title>Cookie Policy | NB Dog Clothing Website<\/title>\n<meta name=\"description\" content=\"Understanding our cookie policy and how we use them to improve your shopping experience at NB Dog Clothing. Your privacy matters to us.\" \/>\n<meta name=\"robots\" content=\"index, follow, max-snippet:-1, max-image-preview:large, max-video-preview:-1\" \/>\n<link rel=\"canonical\" href=\"https:\/\/www.nbdogclothing.com\/en\/cookie-policy-eu\/\" \/>\n<meta property=\"og:locale\" content=\"en_US\" \/>\n<meta property=\"og:type\" content=\"article\" \/>\n<meta property=\"og:title\" content=\"Cookie Policy | NB Dog Clothing Website\" \/>\n<meta property=\"og:description\" content=\"Understanding our cookie policy and how we use them to improve your shopping experience at NB Dog Clothing. Your privacy matters to us.\" \/>\n<meta property=\"og:url\" content=\"https:\/\/www.nbdogclothing.com\/en\/cookie-policy-eu\/\" \/>\n<meta property=\"og:site_name\" content=\"NB Dog Clothing | Oble\u010denie pre v\u0161etky psy\" \/>\n<meta property=\"article:modified_time\" content=\"2024-11-21T22:55:08+00:00\" \/>\n<meta name=\"twitter:card\" content=\"summary_large_image\" \/>\n<meta name=\"twitter:label1\" content=\"Est. reading time\" \/>\n\t<meta name=\"twitter:data1\" content=\"2 minutes\" \/>\n<script type=\"application\/ld+json\" class=\"yoast-schema-graph\">{\"@context\":\"https:\/\/schema.org\",\"@graph\":[{\"@type\":\"WebPage\",\"@id\":\"https:\/\/www.nbdogclothing.com\/en\/cookie-policy-eu\/\",\"url\":\"https:\/\/www.nbdogclothing.com\/en\/cookie-policy-eu\/\",\"name\":\"Cookie Policy | NB Dog Clothing Website\",\"isPartOf\":{\"@id\":\"https:\/\/www.nbdogclothing.com\/en\/#website\"},\"datePublished\":\"2024-01-13T17:03:30+00:00\",\"dateModified\":\"2024-11-21T22:55:08+00:00\",\"description\":\"Understanding our cookie policy and how we use them to improve your shopping experience at NB Dog Clothing. Your privacy matters to us.\",\"breadcrumb\":{\"@id\":\"https:\/\/www.nbdogclothing.com\/en\/cookie-policy-eu\/#breadcrumb\"},\"inLanguage\":\"en-US\",\"potentialAction\":[{\"@type\":\"ReadAction\",\"target\":[\"https:\/\/www.nbdogclothing.com\/en\/cookie-policy-eu\/\"]}]},{\"@type\":\"BreadcrumbList\",\"@id\":\"https:\/\/www.nbdogclothing.com\/en\/cookie-policy-eu\/#breadcrumb\",\"itemListElement\":[{\"@type\":\"ListItem\",\"position\":1,\"name\":\"Home\",\"item\":\"https:\/\/www.nbdogclothing.com\/en\/\"},{\"@type\":\"ListItem\",\"position\":2,\"name\":\"Cookie Policy (E\u00da)\"}]},{\"@type\":\"WebSite\",\"@id\":\"https:\/\/www.nbdogclothing.com\/en\/#website\",\"url\":\"https:\/\/www.nbdogclothing.com\/en\/\",\"name\":\"NB Dog Clothing | Oble\u010denie pre v\u0161etky psy\",\"description\":\"\",\"potentialAction\":[{\"@type\":\"SearchAction\",\"target\":{\"@type\":\"EntryPoint\",\"urlTemplate\":\"https:\/\/www.nbdogclothing.com\/en\/?s={search_term_string}\"},\"query-input\":{\"@type\":\"PropertyValueSpecification\",\"valueRequired\":true,\"valueName\":\"search_term_string\"}}],\"inLanguage\":\"en-US\"}]}<\/script>\n<!-- \/ Yoast SEO plugin. -->","yoast_head_json":{"title":"Cookie Policy | NB Dog Clothing Website","description":"Understanding our cookie policy and how we use them to improve your shopping experience at NB Dog Clothing. Your privacy matters to us.","robots":{"index":"index","follow":"follow","max-snippet":"max-snippet:-1","max-image-preview":"max-image-preview:large","max-video-preview":"max-video-preview:-1"},"canonical":"https:\/\/www.nbdogclothing.com\/en\/cookie-policy-eu\/","og_locale":"en_US","og_type":"article","og_title":"Cookie Policy | NB Dog Clothing Website","og_description":"Understanding our cookie policy and how we use them to improve your shopping experience at NB Dog Clothing. Your privacy matters to us.","og_url":"https:\/\/www.nbdogclothing.com\/en\/cookie-policy-eu\/","og_site_name":"NB Dog Clothing | Oble\u010denie pre v\u0161etky psy","article_modified_time":"2024-11-21T22:55:08+00:00","twitter_card":"summary_large_image","twitter_misc":{"Est. reading time":"2 minutes"},"schema":{"@context":"https:\/\/schema.org","@graph":[{"@type":"WebPage","@id":"https:\/\/www.nbdogclothing.com\/en\/cookie-policy-eu\/","url":"https:\/\/www.nbdogclothing.com\/en\/cookie-policy-eu\/","name":"Cookie Policy | NB Dog Clothing Website","isPartOf":{"@id":"https:\/\/www.nbdogclothing.com\/en\/#website"},"datePublished":"2024-01-13T17:03:30+00:00","dateModified":"2024-11-21T22:55:08+00:00","description":"Understanding our cookie policy and how we use them to improve your shopping experience at NB Dog Clothing. Your privacy matters to us.","breadcrumb":{"@id":"https:\/\/www.nbdogclothing.com\/en\/cookie-policy-eu\/#breadcrumb"},"inLanguage":"en-US","potentialAction":[{"@type":"ReadAction","target":["https:\/\/www.nbdogclothing.com\/en\/cookie-policy-eu\/"]}]},{"@type":"BreadcrumbList","@id":"https:\/\/www.nbdogclothing.com\/en\/cookie-policy-eu\/#breadcrumb","itemListElement":[{"@type":"ListItem","position":1,"name":"Home","item":"https:\/\/www.nbdogclothing.com\/en\/"},{"@type":"ListItem","position":2,"name":"Cookie Policy (E\u00da)"}]},{"@type":"WebSite","@id":"https:\/\/www.nbdogclothing.com\/en\/#website","url":"https:\/\/www.nbdogclothing.com\/en\/","name":"NB Dog Clothing | Oble\u010denie pre v\u0161etky psy","description":"","potentialAction":[{"@type":"SearchAction","target":{"@type":"EntryPoint","urlTemplate":"https:\/\/www.nbdogclothing.com\/en\/?s={search_term_string}"},"query-input":{"@type":"PropertyValueSpecification","valueRequired":true,"valueName":"search_term_string"}}],"inLanguage":"en-US"}]}},"_links":{"self":[{"href":"https:\/\/www.nbdogclothing.com\/en\/wp-json\/wp\/v2\/pages\/108713","targetHints":{"allow":["GET"]}}],"collection":[{"href":"https:\/\/www.nbdogclothing.com\/en\/wp-json\/wp\/v2\/pages"}],"about":[{"href":"https:\/\/www.nbdogclothing.com\/en\/wp-json\/wp\/v2\/types\/page"}],"author":[{"embeddable":true,"href":"https:\/\/www.nbdogclothing.com\/en\/wp-json\/wp\/v2\/users\/1"}],"replies":[{"embeddable":true,"href":"https:\/\/www.nbdogclothing.com\/en\/wp-json\/wp\/v2\/comments?post=108713"}],"version-history":[{"count":4,"href":"https:\/\/www.nbdogclothing.com\/en\/wp-json\/wp\/v2\/pages\/108713\/revisions"}],"predecessor-version":[{"id":110185,"href":"https:\/\/www.nbdogclothing.com\/en\/wp-json\/wp\/v2\/pages\/108713\/revisions\/110185"}],"wp:attachment":[{"href":"https:\/\/www.nbdogclothing.com\/en\/wp-json\/wp\/v2\/media?parent=108713"}],"curies":[{"name":"wp","href":"https:\/\/api.w.org\/{rel}","templated":true}]}}