{"id":108340,"date":"2024-08-28T13:28:21","date_gmt":"2024-08-28T11:28:21","guid":{"rendered":"https:\/\/www.nbdogclothing.com\/produkt\/overall-s\/"},"modified":"2024-08-28T13:28:21","modified_gmt":"2024-08-28T11:28:21","slug":"overall-s","status":"publish","type":"product","link":"https:\/\/www.nbdogclothing.com\/en\/product\/overall-s\/","title":{"rendered":"Overall S 36-37\/50"},"content":{"rendered":"<p>Ka\u017ed\u00fd kus oble\u010denia, ktor\u00fd pon\u00fakame, je ru\u010dne vyroben\u00fd z kvalitn\u00fdch materi\u00e1lov s d\u00f4razom na starostlivos\u0165 a pohodlie. Neust\u00e1le pracujeme na nov\u00fdch dizajnoch, aby sme prin\u00e1\u0161ali \u010derstv\u00e9 a \u0161t\u00fdlov\u00e9 produkty. <br \/>Zlo\u017eenie: Cotton 95%, Elastane 5% <br \/>Gram\u00e1\u017e: 180g\/m2 <br \/>Certifik\u00e1ty: OEKO-TEX <br \/>\u00dadr\u017eba: <br \/>&#8211; \u017dehlite na strednom stupni <br \/>&#8211; Perte na 30 \u00b0C <br \/>&#8211; Nesu\u0161te v su\u0161i\u010dke <br \/>Rozmery: <br \/>Chrb\u00e1t &#8211; 36cm <br \/>Hrudn\u00edk &#8211; 50cm <br \/>Krk &#8211; 33cm <br \/>Nohy &#8211; 18cm<\/p>\n","protected":false},"excerpt":{"rendered":"<p>Overal na psa poskytuje celotelov\u00fa ochranu pred chladom, da\u017e\u010fom a ne\u010distotami. Ergonomick\u00fd dizajn zais\u0165uje pohodln\u00e9 nosenie, ide\u00e1lny pre akt\u00edvnych psov, ktor\u00ed miluj\u00fa prech\u00e1dzky v akomko\u013evek po\u010das\u00ed. Tento overal je \u0161t\u00fdlov\u00fd, funk\u010dn\u00fd a \u013eahko sa udr\u017eiava. <\/p>\n","protected":false},"featured_media":107391,"template":"","meta":{"_et_pb_use_builder":"","_et_pb_old_content":"","_et_gb_content_width":""},"product_cat":[91],"product_tag":[],"class_list":{"0":"post-108340","1":"product","2":"type-product","3":"status-publish","4":"has-post-thumbnail","6":"product_cat-ready-to-grab","8":"first","9":"instock","10":"taxable","11":"shipping-taxable","12":"purchasable","13":"product-type-simple"},"yoast_head":"<!-- This site is optimized with the Yoast SEO plugin v23.9 - https:\/\/yoast.com\/wordpress\/plugins\/seo\/ -->\n<title>Overall S 36-37\/50 - NB Dog Clothing | Oble\u010denie pre v\u0161etky psy<\/title>\n<meta name=\"robots\" content=\"index, follow, max-snippet:-1, max-image-preview:large, max-video-preview:-1\" \/>\n<link rel=\"canonical\" href=\"https:\/\/www.nbdogclothing.com\/en\/product\/overall-s\/\" \/>\n<meta property=\"og:locale\" content=\"en_US\" \/>\n<meta property=\"og:type\" content=\"article\" \/>\n<meta property=\"og:title\" content=\"Overall S 36-37\/50 - NB Dog Clothing | Oble\u010denie pre v\u0161etky psy\" \/>\n<meta property=\"og:description\" content=\"Overal na psa poskytuje celotelov\u00fa ochranu pred chladom, da\u017e\u010fom a ne\u010distotami. Ergonomick\u00fd dizajn zais\u0165uje pohodln\u00e9 nosenie, ide\u00e1lny pre akt\u00edvnych psov, ktor\u00ed miluj\u00fa prech\u00e1dzky v akomko\u013evek po\u010das\u00ed. Tento overal je \u0161t\u00fdlov\u00fd, funk\u010dn\u00fd a \u013eahko sa udr\u017eiava.\" \/>\n<meta property=\"og:url\" content=\"https:\/\/www.nbdogclothing.com\/en\/product\/overall-s\/\" \/>\n<meta property=\"og:site_name\" content=\"NB Dog Clothing | Oble\u010denie pre v\u0161etky psy\" \/>\n<meta property=\"og:image\" content=\"https:\/\/www.nbdogclothing.com\/wp-content\/uploads\/2024\/08\/454730092_474503848667239_2019196331658201301_n.jpg\" \/>\n\t<meta property=\"og:image:width\" content=\"1440\" \/>\n\t<meta property=\"og:image:height\" content=\"952\" \/>\n\t<meta property=\"og:image:type\" content=\"image\/jpeg\" \/>\n<meta name=\"twitter:card\" content=\"summary_large_image\" \/>\n<script type=\"application\/ld+json\" class=\"yoast-schema-graph\">{\"@context\":\"https:\/\/schema.org\",\"@graph\":[{\"@type\":\"WebPage\",\"@id\":\"https:\/\/www.nbdogclothing.com\/en\/product\/overall-s\/\",\"url\":\"https:\/\/www.nbdogclothing.com\/en\/product\/overall-s\/\",\"name\":\"Overall S 36-37\/50 - NB Dog Clothing | Oble\u010denie pre v\u0161etky psy\",\"isPartOf\":{\"@id\":\"https:\/\/www.nbdogclothing.com\/en\/#website\"},\"primaryImageOfPage\":{\"@id\":\"https:\/\/www.nbdogclothing.com\/en\/product\/overall-s\/#primaryimage\"},\"image\":{\"@id\":\"https:\/\/www.nbdogclothing.com\/en\/product\/overall-s\/#primaryimage\"},\"thumbnailUrl\":\"https:\/\/www.nbdogclothing.com\/wp-content\/uploads\/2024\/08\/454730092_474503848667239_2019196331658201301_n.jpg\",\"datePublished\":\"2024-08-28T11:28:21+00:00\",\"dateModified\":\"2024-08-28T11:28:21+00:00\",\"breadcrumb\":{\"@id\":\"https:\/\/www.nbdogclothing.com\/en\/product\/overall-s\/#breadcrumb\"},\"inLanguage\":\"en-US\",\"potentialAction\":[{\"@type\":\"ReadAction\",\"target\":[\"https:\/\/www.nbdogclothing.com\/en\/product\/overall-s\/\"]}]},{\"@type\":\"ImageObject\",\"inLanguage\":\"en-US\",\"@id\":\"https:\/\/www.nbdogclothing.com\/en\/product\/overall-s\/#primaryimage\",\"url\":\"https:\/\/www.nbdogclothing.com\/wp-content\/uploads\/2024\/08\/454730092_474503848667239_2019196331658201301_n.jpg\",\"contentUrl\":\"https:\/\/www.nbdogclothing.com\/wp-content\/uploads\/2024\/08\/454730092_474503848667239_2019196331658201301_n.jpg\",\"width\":1440,\"height\":952},{\"@type\":\"BreadcrumbList\",\"@id\":\"https:\/\/www.nbdogclothing.com\/en\/product\/overall-s\/#breadcrumb\",\"itemListElement\":[{\"@type\":\"ListItem\",\"position\":1,\"name\":\"Home\",\"item\":\"https:\/\/www.nbdogclothing.com\/en\/\"},{\"@type\":\"ListItem\",\"position\":2,\"name\":\"Shop\",\"item\":\"https:\/\/www.nbdogclothing.com\/en\/shop\/\"},{\"@type\":\"ListItem\",\"position\":3,\"name\":\"Overall S 36-37\/50\"}]},{\"@type\":\"WebSite\",\"@id\":\"https:\/\/www.nbdogclothing.com\/en\/#website\",\"url\":\"https:\/\/www.nbdogclothing.com\/en\/\",\"name\":\"NB Dog Clothing | Oble\u010denie pre v\u0161etky psy\",\"description\":\"\",\"potentialAction\":[{\"@type\":\"SearchAction\",\"target\":{\"@type\":\"EntryPoint\",\"urlTemplate\":\"https:\/\/www.nbdogclothing.com\/en\/?s={search_term_string}\"},\"query-input\":{\"@type\":\"PropertyValueSpecification\",\"valueRequired\":true,\"valueName\":\"search_term_string\"}}],\"inLanguage\":\"en-US\"}]}<\/script>\n<!-- \/ Yoast SEO plugin. -->","yoast_head_json":{"title":"Overall S 36-37\/50 - NB Dog Clothing | Oble\u010denie pre v\u0161etky psy","robots":{"index":"index","follow":"follow","max-snippet":"max-snippet:-1","max-image-preview":"max-image-preview:large","max-video-preview":"max-video-preview:-1"},"canonical":"https:\/\/www.nbdogclothing.com\/en\/product\/overall-s\/","og_locale":"en_US","og_type":"article","og_title":"Overall S 36-37\/50 - NB Dog Clothing | Oble\u010denie pre v\u0161etky psy","og_description":"Overal na psa poskytuje celotelov\u00fa ochranu pred chladom, da\u017e\u010fom a ne\u010distotami. Ergonomick\u00fd dizajn zais\u0165uje pohodln\u00e9 nosenie, ide\u00e1lny pre akt\u00edvnych psov, ktor\u00ed miluj\u00fa prech\u00e1dzky v akomko\u013evek po\u010das\u00ed. Tento overal je \u0161t\u00fdlov\u00fd, funk\u010dn\u00fd a \u013eahko sa udr\u017eiava.","og_url":"https:\/\/www.nbdogclothing.com\/en\/product\/overall-s\/","og_site_name":"NB Dog Clothing | Oble\u010denie pre v\u0161etky psy","og_image":[{"width":1440,"height":952,"url":"https:\/\/www.nbdogclothing.com\/wp-content\/uploads\/2024\/08\/454730092_474503848667239_2019196331658201301_n.jpg","type":"image\/jpeg"}],"twitter_card":"summary_large_image","schema":{"@context":"https:\/\/schema.org","@graph":[{"@type":"WebPage","@id":"https:\/\/www.nbdogclothing.com\/en\/product\/overall-s\/","url":"https:\/\/www.nbdogclothing.com\/en\/product\/overall-s\/","name":"Overall S 36-37\/50 - NB Dog Clothing | Oble\u010denie pre v\u0161etky psy","isPartOf":{"@id":"https:\/\/www.nbdogclothing.com\/en\/#website"},"primaryImageOfPage":{"@id":"https:\/\/www.nbdogclothing.com\/en\/product\/overall-s\/#primaryimage"},"image":{"@id":"https:\/\/www.nbdogclothing.com\/en\/product\/overall-s\/#primaryimage"},"thumbnailUrl":"https:\/\/www.nbdogclothing.com\/wp-content\/uploads\/2024\/08\/454730092_474503848667239_2019196331658201301_n.jpg","datePublished":"2024-08-28T11:28:21+00:00","dateModified":"2024-08-28T11:28:21+00:00","breadcrumb":{"@id":"https:\/\/www.nbdogclothing.com\/en\/product\/overall-s\/#breadcrumb"},"inLanguage":"en-US","potentialAction":[{"@type":"ReadAction","target":["https:\/\/www.nbdogclothing.com\/en\/product\/overall-s\/"]}]},{"@type":"ImageObject","inLanguage":"en-US","@id":"https:\/\/www.nbdogclothing.com\/en\/product\/overall-s\/#primaryimage","url":"https:\/\/www.nbdogclothing.com\/wp-content\/uploads\/2024\/08\/454730092_474503848667239_2019196331658201301_n.jpg","contentUrl":"https:\/\/www.nbdogclothing.com\/wp-content\/uploads\/2024\/08\/454730092_474503848667239_2019196331658201301_n.jpg","width":1440,"height":952},{"@type":"BreadcrumbList","@id":"https:\/\/www.nbdogclothing.com\/en\/product\/overall-s\/#breadcrumb","itemListElement":[{"@type":"ListItem","position":1,"name":"Home","item":"https:\/\/www.nbdogclothing.com\/en\/"},{"@type":"ListItem","position":2,"name":"Shop","item":"https:\/\/www.nbdogclothing.com\/en\/shop\/"},{"@type":"ListItem","position":3,"name":"Overall S 36-37\/50"}]},{"@type":"WebSite","@id":"https:\/\/www.nbdogclothing.com\/en\/#website","url":"https:\/\/www.nbdogclothing.com\/en\/","name":"NB Dog Clothing | Oble\u010denie pre v\u0161etky psy","description":"","potentialAction":[{"@type":"SearchAction","target":{"@type":"EntryPoint","urlTemplate":"https:\/\/www.nbdogclothing.com\/en\/?s={search_term_string}"},"query-input":{"@type":"PropertyValueSpecification","valueRequired":true,"valueName":"search_term_string"}}],"inLanguage":"en-US"}]}},"_links":{"self":[{"href":"https:\/\/www.nbdogclothing.com\/en\/wp-json\/wp\/v2\/product\/108340","targetHints":{"allow":["GET"]}}],"collection":[{"href":"https:\/\/www.nbdogclothing.com\/en\/wp-json\/wp\/v2\/product"}],"about":[{"href":"https:\/\/www.nbdogclothing.com\/en\/wp-json\/wp\/v2\/types\/product"}],"wp:featuredmedia":[{"embeddable":true,"href":"https:\/\/www.nbdogclothing.com\/en\/wp-json\/wp\/v2\/media\/107391"}],"wp:attachment":[{"href":"https:\/\/www.nbdogclothing.com\/en\/wp-json\/wp\/v2\/media?parent=108340"}],"wp:term":[{"taxonomy":"product_cat","embeddable":true,"href":"https:\/\/www.nbdogclothing.com\/en\/wp-json\/wp\/v2\/product_cat?post=108340"},{"taxonomy":"product_tag","embeddable":true,"href":"https:\/\/www.nbdogclothing.com\/en\/wp-json\/wp\/v2\/product_tag?post=108340"}],"curies":[{"name":"wp","href":"https:\/\/api.w.org\/{rel}","templated":true}]}}