{"id":110115,"date":"2024-11-20T09:22:44","date_gmt":"2024-11-20T08:22:44","guid":{"rendered":"https:\/\/www.nbdogclothing.com\/?post_type=product&#038;p=110115"},"modified":"2024-11-20T11:31:07","modified_gmt":"2024-11-20T10:31:07","slug":"overall-sweatshirt-with-panel-xxxxl-60-62-76-2","status":"publish","type":"product","link":"https:\/\/www.nbdogclothing.com\/en\/product\/overall-sweatshirt-with-panel-xxxxl-60-62-76-2\/","title":{"rendered":"Overall sweatshirt with panel XXXXL 60-62\/76"},"content":{"rendered":"<p>Every piece of clothing we offer is handcrafted from high-quality materials with a focus on care and comfort. We are constantly working on new designs to bring fresh and stylish products. Composition: Cotton 95%, Elastane 5%<br \/>\nWeight: 180g\/m2<br \/>\nCertification: OEKO-TEX  <\/p>\n<p>&nbsp;<\/p>\n<h3><strong>Sizes<\/strong><\/h3>\n<table style=\"text-align: center;\" border=\"1\">\n<tbody>\n<tr>\n<th>Over\u00e1l<\/th>\n<th>D\u013a\u017eka chrbtu<\/th>\n<th>Hrudn\u00edk<\/th>\n<th>Krk<\/th>\n<th>D\u013a\u017eka nohy predn\u00e9\/zadn\u00e9<\/th>\n<\/tr>\n<tr>\n<td>XS<\/td>\n<td>30\/33cm<\/td>\n<td>48cm<\/td>\n<td>28cm<\/td>\n<td>16cm \/ 18cm<\/td>\n<\/tr>\n<tr>\n<td>S<\/td>\n<td>36\/37cm<\/td>\n<td>50cm<\/td>\n<td>33cm<\/td>\n<td>18cm \/ 20cm<\/td>\n<\/tr>\n<tr>\n<td>S1<\/td>\n<td>36\/37cm<\/td>\n<td>52cm<\/td>\n<td>33cm<\/td>\n<td>18cm \/ 20cm<\/td>\n<\/tr>\n<tr>\n<td>M<\/td>\n<td>39\/40cm<\/td>\n<td>52cm<\/td>\n<td>35cm<\/td>\n<td>22cm \/ 24cm<\/td>\n<\/tr>\n<tr>\n<td>M1<\/td>\n<td>39\/40cm<\/td>\n<td>54cm<\/td>\n<td>35cm<\/td>\n<td>22cm \/ 24cm<\/td>\n<\/tr>\n<tr>\n<td>L<\/td>\n<td>42\/43cm<\/td>\n<td>54cm<\/td>\n<td>35cm<\/td>\n<td>23cm \/ 25cm<\/td>\n<\/tr>\n<tr>\n<td>L1<\/td>\n<td>42\/43cm<\/td>\n<td>56cm<\/td>\n<td>35cm<\/td>\n<td>23cm \/ 25cm<\/td>\n<\/tr>\n<tr>\n<td>XL<\/td>\n<td>45\/47cm<\/td>\n<td>56cm<\/td>\n<td>38cm<\/td>\n<td>26cm \/ 29cm<\/td>\n<\/tr>\n<tr>\n<td>XXL<\/td>\n<td>50\/53cm<\/td>\n<td>65cm<\/td>\n<td>38cm<\/td>\n<td>30cm \/ 32cm<\/td>\n<\/tr>\n<tr>\n<td>XXXL<\/td>\n<td>55\/56cm<\/td>\n<td>68cm<\/td>\n<td>40cm<\/td>\n<td>32cm \/ 35cm<\/td>\n<\/tr>\n<tr>\n<td>XXXXL<\/td>\n<td>60\/62cm<\/td>\n<td>76cm<\/td>\n<td>45cm<\/td>\n<td>35cm \/ 37cm<\/td>\n<\/tr>\n<\/tbody>\n<\/table>\n<p>&nbsp;<\/p>\n<p><script src=\"moz-extension:\/\/92d45c28-64dc-4da4-820d-e3170d218294\/js\/app.js\" type=\"text\/javascript\"><\/script><\/p>\n","protected":false},"excerpt":{"rendered":"<p>The dog overall provides full-body protection against cold, rain, and dirt. The ergonomic design ensures comfortable wear, making it ideal for active dogs that love walks in any weather. This overall is stylish, functional, and easy to maintain. <\/p>\n","protected":false},"featured_media":110125,"template":"","meta":{"_et_pb_use_builder":"","_et_pb_old_content":"","_et_gb_content_width":""},"product_cat":[91],"product_tag":[],"class_list":{"0":"post-110115","1":"product","2":"type-product","3":"status-publish","4":"has-post-thumbnail","6":"product_cat-ready-to-grab","8":"first","9":"instock","10":"taxable","11":"shipping-taxable","12":"purchasable","13":"product-type-simple"},"yoast_head":"<!-- This site is optimized with the Yoast SEO plugin v23.9 - https:\/\/yoast.com\/wordpress\/plugins\/seo\/ -->\n<title>Overall sweatshirt with panel XXXXL 60-62\/76 - NB Dog Clothing | Oble\u010denie pre v\u0161etky psy<\/title>\n<meta name=\"robots\" content=\"index, follow, max-snippet:-1, max-image-preview:large, max-video-preview:-1\" \/>\n<link rel=\"canonical\" href=\"https:\/\/www.nbdogclothing.com\/en\/product\/overall-sweatshirt-with-panel-xxxxl-60-62-76-2\/\" \/>\n<meta property=\"og:locale\" content=\"en_US\" \/>\n<meta property=\"og:type\" content=\"article\" \/>\n<meta property=\"og:title\" content=\"Overall sweatshirt with panel XXXXL 60-62\/76 - NB Dog Clothing | Oble\u010denie pre v\u0161etky psy\" \/>\n<meta property=\"og:description\" content=\"The dog overall provides full-body protection against cold, rain, and dirt. The ergonomic design ensures comfortable wear, making it ideal for active dogs that love walks in any weather. This overall is stylish, functional, and easy to maintain.\" \/>\n<meta property=\"og:url\" content=\"https:\/\/www.nbdogclothing.com\/en\/product\/overall-sweatshirt-with-panel-xxxxl-60-62-76-2\/\" \/>\n<meta property=\"og:site_name\" content=\"NB Dog Clothing | Oble\u010denie pre v\u0161etky psy\" \/>\n<meta property=\"article:modified_time\" content=\"2024-11-20T10:31:07+00:00\" \/>\n<meta property=\"og:image\" content=\"https:\/\/www.nbdogclothing.com\/wp-content\/uploads\/2024\/11\/467189457_544337711683852_6519182171535325081_n.jpg\" \/>\n\t<meta property=\"og:image:width\" content=\"1080\" \/>\n\t<meta property=\"og:image:height\" content=\"1080\" \/>\n\t<meta property=\"og:image:type\" content=\"image\/jpeg\" \/>\n<meta name=\"twitter:card\" content=\"summary_large_image\" \/>\n<meta name=\"twitter:label1\" content=\"Est. reading time\" \/>\n\t<meta name=\"twitter:data1\" content=\"1 minute\" \/>\n<script type=\"application\/ld+json\" class=\"yoast-schema-graph\">{\"@context\":\"https:\/\/schema.org\",\"@graph\":[{\"@type\":\"WebPage\",\"@id\":\"https:\/\/www.nbdogclothing.com\/en\/product\/overall-sweatshirt-with-panel-xxxxl-60-62-76-2\/\",\"url\":\"https:\/\/www.nbdogclothing.com\/en\/product\/overall-sweatshirt-with-panel-xxxxl-60-62-76-2\/\",\"name\":\"Overall sweatshirt with panel XXXXL 60-62\/76 - NB Dog Clothing | Oble\u010denie pre v\u0161etky psy\",\"isPartOf\":{\"@id\":\"https:\/\/www.nbdogclothing.com\/en\/#website\"},\"primaryImageOfPage\":{\"@id\":\"https:\/\/www.nbdogclothing.com\/en\/product\/overall-sweatshirt-with-panel-xxxxl-60-62-76-2\/#primaryimage\"},\"image\":{\"@id\":\"https:\/\/www.nbdogclothing.com\/en\/product\/overall-sweatshirt-with-panel-xxxxl-60-62-76-2\/#primaryimage\"},\"thumbnailUrl\":\"https:\/\/www.nbdogclothing.com\/wp-content\/uploads\/2024\/11\/467189457_544337711683852_6519182171535325081_n.jpg\",\"datePublished\":\"2024-11-20T08:22:44+00:00\",\"dateModified\":\"2024-11-20T10:31:07+00:00\",\"breadcrumb\":{\"@id\":\"https:\/\/www.nbdogclothing.com\/en\/product\/overall-sweatshirt-with-panel-xxxxl-60-62-76-2\/#breadcrumb\"},\"inLanguage\":\"en-US\",\"potentialAction\":[{\"@type\":\"ReadAction\",\"target\":[\"https:\/\/www.nbdogclothing.com\/en\/product\/overall-sweatshirt-with-panel-xxxxl-60-62-76-2\/\"]}]},{\"@type\":\"ImageObject\",\"inLanguage\":\"en-US\",\"@id\":\"https:\/\/www.nbdogclothing.com\/en\/product\/overall-sweatshirt-with-panel-xxxxl-60-62-76-2\/#primaryimage\",\"url\":\"https:\/\/www.nbdogclothing.com\/wp-content\/uploads\/2024\/11\/467189457_544337711683852_6519182171535325081_n.jpg\",\"contentUrl\":\"https:\/\/www.nbdogclothing.com\/wp-content\/uploads\/2024\/11\/467189457_544337711683852_6519182171535325081_n.jpg\",\"width\":1080,\"height\":1080},{\"@type\":\"BreadcrumbList\",\"@id\":\"https:\/\/www.nbdogclothing.com\/en\/product\/overall-sweatshirt-with-panel-xxxxl-60-62-76-2\/#breadcrumb\",\"itemListElement\":[{\"@type\":\"ListItem\",\"position\":1,\"name\":\"Home\",\"item\":\"https:\/\/www.nbdogclothing.com\/en\/\"},{\"@type\":\"ListItem\",\"position\":2,\"name\":\"Shop\",\"item\":\"https:\/\/www.nbdogclothing.com\/en\/shop\/\"},{\"@type\":\"ListItem\",\"position\":3,\"name\":\"Overall sweatshirt with panel XXXXL 60-62\/76\"}]},{\"@type\":\"WebSite\",\"@id\":\"https:\/\/www.nbdogclothing.com\/en\/#website\",\"url\":\"https:\/\/www.nbdogclothing.com\/en\/\",\"name\":\"NB Dog Clothing | Oble\u010denie pre v\u0161etky psy\",\"description\":\"\",\"potentialAction\":[{\"@type\":\"SearchAction\",\"target\":{\"@type\":\"EntryPoint\",\"urlTemplate\":\"https:\/\/www.nbdogclothing.com\/en\/?s={search_term_string}\"},\"query-input\":{\"@type\":\"PropertyValueSpecification\",\"valueRequired\":true,\"valueName\":\"search_term_string\"}}],\"inLanguage\":\"en-US\"}]}<\/script>\n<!-- \/ Yoast SEO plugin. -->","yoast_head_json":{"title":"Overall sweatshirt with panel XXXXL 60-62\/76 - NB Dog Clothing | Oble\u010denie pre v\u0161etky psy","robots":{"index":"index","follow":"follow","max-snippet":"max-snippet:-1","max-image-preview":"max-image-preview:large","max-video-preview":"max-video-preview:-1"},"canonical":"https:\/\/www.nbdogclothing.com\/en\/product\/overall-sweatshirt-with-panel-xxxxl-60-62-76-2\/","og_locale":"en_US","og_type":"article","og_title":"Overall sweatshirt with panel XXXXL 60-62\/76 - NB Dog Clothing | Oble\u010denie pre v\u0161etky psy","og_description":"The dog overall provides full-body protection against cold, rain, and dirt. The ergonomic design ensures comfortable wear, making it ideal for active dogs that love walks in any weather. This overall is stylish, functional, and easy to maintain.","og_url":"https:\/\/www.nbdogclothing.com\/en\/product\/overall-sweatshirt-with-panel-xxxxl-60-62-76-2\/","og_site_name":"NB Dog Clothing | Oble\u010denie pre v\u0161etky psy","article_modified_time":"2024-11-20T10:31:07+00:00","og_image":[{"width":1080,"height":1080,"url":"https:\/\/www.nbdogclothing.com\/wp-content\/uploads\/2024\/11\/467189457_544337711683852_6519182171535325081_n.jpg","type":"image\/jpeg"}],"twitter_card":"summary_large_image","twitter_misc":{"Est. reading time":"1 minute"},"schema":{"@context":"https:\/\/schema.org","@graph":[{"@type":"WebPage","@id":"https:\/\/www.nbdogclothing.com\/en\/product\/overall-sweatshirt-with-panel-xxxxl-60-62-76-2\/","url":"https:\/\/www.nbdogclothing.com\/en\/product\/overall-sweatshirt-with-panel-xxxxl-60-62-76-2\/","name":"Overall sweatshirt with panel XXXXL 60-62\/76 - NB Dog Clothing | Oble\u010denie pre v\u0161etky psy","isPartOf":{"@id":"https:\/\/www.nbdogclothing.com\/en\/#website"},"primaryImageOfPage":{"@id":"https:\/\/www.nbdogclothing.com\/en\/product\/overall-sweatshirt-with-panel-xxxxl-60-62-76-2\/#primaryimage"},"image":{"@id":"https:\/\/www.nbdogclothing.com\/en\/product\/overall-sweatshirt-with-panel-xxxxl-60-62-76-2\/#primaryimage"},"thumbnailUrl":"https:\/\/www.nbdogclothing.com\/wp-content\/uploads\/2024\/11\/467189457_544337711683852_6519182171535325081_n.jpg","datePublished":"2024-11-20T08:22:44+00:00","dateModified":"2024-11-20T10:31:07+00:00","breadcrumb":{"@id":"https:\/\/www.nbdogclothing.com\/en\/product\/overall-sweatshirt-with-panel-xxxxl-60-62-76-2\/#breadcrumb"},"inLanguage":"en-US","potentialAction":[{"@type":"ReadAction","target":["https:\/\/www.nbdogclothing.com\/en\/product\/overall-sweatshirt-with-panel-xxxxl-60-62-76-2\/"]}]},{"@type":"ImageObject","inLanguage":"en-US","@id":"https:\/\/www.nbdogclothing.com\/en\/product\/overall-sweatshirt-with-panel-xxxxl-60-62-76-2\/#primaryimage","url":"https:\/\/www.nbdogclothing.com\/wp-content\/uploads\/2024\/11\/467189457_544337711683852_6519182171535325081_n.jpg","contentUrl":"https:\/\/www.nbdogclothing.com\/wp-content\/uploads\/2024\/11\/467189457_544337711683852_6519182171535325081_n.jpg","width":1080,"height":1080},{"@type":"BreadcrumbList","@id":"https:\/\/www.nbdogclothing.com\/en\/product\/overall-sweatshirt-with-panel-xxxxl-60-62-76-2\/#breadcrumb","itemListElement":[{"@type":"ListItem","position":1,"name":"Home","item":"https:\/\/www.nbdogclothing.com\/en\/"},{"@type":"ListItem","position":2,"name":"Shop","item":"https:\/\/www.nbdogclothing.com\/en\/shop\/"},{"@type":"ListItem","position":3,"name":"Overall sweatshirt with panel XXXXL 60-62\/76"}]},{"@type":"WebSite","@id":"https:\/\/www.nbdogclothing.com\/en\/#website","url":"https:\/\/www.nbdogclothing.com\/en\/","name":"NB Dog Clothing | Oble\u010denie pre v\u0161etky psy","description":"","potentialAction":[{"@type":"SearchAction","target":{"@type":"EntryPoint","urlTemplate":"https:\/\/www.nbdogclothing.com\/en\/?s={search_term_string}"},"query-input":{"@type":"PropertyValueSpecification","valueRequired":true,"valueName":"search_term_string"}}],"inLanguage":"en-US"}]}},"_links":{"self":[{"href":"https:\/\/www.nbdogclothing.com\/en\/wp-json\/wp\/v2\/product\/110115","targetHints":{"allow":["GET"]}}],"collection":[{"href":"https:\/\/www.nbdogclothing.com\/en\/wp-json\/wp\/v2\/product"}],"about":[{"href":"https:\/\/www.nbdogclothing.com\/en\/wp-json\/wp\/v2\/types\/product"}],"wp:featuredmedia":[{"embeddable":true,"href":"https:\/\/www.nbdogclothing.com\/en\/wp-json\/wp\/v2\/media\/110125"}],"wp:attachment":[{"href":"https:\/\/www.nbdogclothing.com\/en\/wp-json\/wp\/v2\/media?parent=110115"}],"wp:term":[{"taxonomy":"product_cat","embeddable":true,"href":"https:\/\/www.nbdogclothing.com\/en\/wp-json\/wp\/v2\/product_cat?post=110115"},{"taxonomy":"product_tag","embeddable":true,"href":"https:\/\/www.nbdogclothing.com\/en\/wp-json\/wp\/v2\/product_tag?post=110115"}],"curies":[{"name":"wp","href":"https:\/\/api.w.org\/{rel}","templated":true}]}}