{"id":110144,"date":"2024-11-20T09:21:21","date_gmt":"2024-11-20T08:21:21","guid":{"rendered":"https:\/\/www.nbdogclothing.com\/product\/fleece-overall-38-55cm\/"},"modified":"2024-11-20T09:21:21","modified_gmt":"2024-11-20T08:21:21","slug":"fleece-overall-38-55cm","status":"publish","type":"product","link":"https:\/\/www.nbdogclothing.com\/en\/product\/fleece-overall-38-55cm\/","title":{"rendered":"Fleece overall 38\/55cm"},"content":{"rendered":"<p>Fleecov\u00fd overal pre psov je pohodln\u00fd a tepl\u00fd k\u00fasok oble\u010denia, ide\u00e1lny na chladn\u00e9 dni. Je vyroben\u00fd z m\u00e4kk\u00e9ho fleece materi\u00e1lu, ktor\u00fd udr\u017eiava psa v teple, a z\u00e1rove\u0148 je \u013eahk\u00fd a priedu\u0161n\u00fd, tak\u017ee neobmedzuje pohyb. Overal sa \u013eahko oblieka a vyzlieka, je ide\u00e1lny pre plemen\u00e1 bez srsti, pre psy s kr\u00e1tkymi ko\u017euchmi alebo pre star\u0161\u00edch psov ktor\u00e9 potrebuj\u00fa extra ochranu pred zimou. Measurements:<br \/>\nBack: 38cm<br \/>\nChest: 55cm<br \/>\nNeck: 36cm<br \/>\nLegs: 18cm<\/p>\n","protected":false},"excerpt":{"rendered":"<p>The fleece dog jumpsuit is a great accessory for cold weather, ensuring that your dog stays warm and comfortable. This jumpsuit is made of soft and gentle fleece material, providing excellent insulation and retaining heat without being too heavy or restricting movement. <\/p>\n","protected":false},"featured_media":110111,"template":"","meta":{"_et_pb_use_builder":"","_et_pb_old_content":"","_et_gb_content_width":""},"product_cat":[91],"product_tag":[],"class_list":{"0":"post-110144","1":"product","2":"type-product","3":"status-publish","4":"has-post-thumbnail","6":"product_cat-ready-to-grab","8":"first","9":"instock","10":"taxable","11":"shipping-taxable","12":"purchasable","13":"product-type-simple"},"yoast_head":"<!-- This site is optimized with the Yoast SEO plugin v23.9 - https:\/\/yoast.com\/wordpress\/plugins\/seo\/ -->\n<title>Fleece overall 38\/55cm - NB Dog Clothing | Oble\u010denie pre v\u0161etky psy<\/title>\n<meta name=\"robots\" content=\"index, follow, max-snippet:-1, max-image-preview:large, max-video-preview:-1\" \/>\n<link rel=\"canonical\" href=\"https:\/\/www.nbdogclothing.com\/en\/product\/fleece-overall-38-55cm\/\" \/>\n<meta property=\"og:locale\" content=\"en_US\" \/>\n<meta property=\"og:type\" content=\"article\" \/>\n<meta property=\"og:title\" content=\"Fleece overall 38\/55cm - NB Dog Clothing | Oble\u010denie pre v\u0161etky psy\" \/>\n<meta property=\"og:description\" content=\"The fleece dog jumpsuit is a great accessory for cold weather, ensuring that your dog stays warm and comfortable. This jumpsuit is made of soft and gentle fleece material, providing excellent insulation and retaining heat without being too heavy or restricting movement.\" \/>\n<meta property=\"og:url\" content=\"https:\/\/www.nbdogclothing.com\/en\/product\/fleece-overall-38-55cm\/\" \/>\n<meta property=\"og:site_name\" content=\"NB Dog Clothing | Oble\u010denie pre v\u0161etky psy\" \/>\n<meta property=\"og:image\" content=\"https:\/\/www.nbdogclothing.com\/wp-content\/uploads\/2024\/11\/467323868_544623901655233_7608801448920936456_n.jpg\" \/>\n\t<meta property=\"og:image:width\" content=\"1080\" \/>\n\t<meta property=\"og:image:height\" content=\"1080\" \/>\n\t<meta property=\"og:image:type\" content=\"image\/jpeg\" \/>\n<meta name=\"twitter:card\" content=\"summary_large_image\" \/>\n<script type=\"application\/ld+json\" class=\"yoast-schema-graph\">{\"@context\":\"https:\/\/schema.org\",\"@graph\":[{\"@type\":\"WebPage\",\"@id\":\"https:\/\/www.nbdogclothing.com\/en\/product\/fleece-overall-38-55cm\/\",\"url\":\"https:\/\/www.nbdogclothing.com\/en\/product\/fleece-overall-38-55cm\/\",\"name\":\"Fleece overall 38\/55cm - NB Dog Clothing | Oble\u010denie pre v\u0161etky psy\",\"isPartOf\":{\"@id\":\"https:\/\/www.nbdogclothing.com\/en\/#website\"},\"primaryImageOfPage\":{\"@id\":\"https:\/\/www.nbdogclothing.com\/en\/product\/fleece-overall-38-55cm\/#primaryimage\"},\"image\":{\"@id\":\"https:\/\/www.nbdogclothing.com\/en\/product\/fleece-overall-38-55cm\/#primaryimage\"},\"thumbnailUrl\":\"https:\/\/www.nbdogclothing.com\/wp-content\/uploads\/2024\/11\/467323868_544623901655233_7608801448920936456_n.jpg\",\"datePublished\":\"2024-11-20T08:21:21+00:00\",\"dateModified\":\"2024-11-20T08:21:21+00:00\",\"breadcrumb\":{\"@id\":\"https:\/\/www.nbdogclothing.com\/en\/product\/fleece-overall-38-55cm\/#breadcrumb\"},\"inLanguage\":\"en-US\",\"potentialAction\":[{\"@type\":\"ReadAction\",\"target\":[\"https:\/\/www.nbdogclothing.com\/en\/product\/fleece-overall-38-55cm\/\"]}]},{\"@type\":\"ImageObject\",\"inLanguage\":\"en-US\",\"@id\":\"https:\/\/www.nbdogclothing.com\/en\/product\/fleece-overall-38-55cm\/#primaryimage\",\"url\":\"https:\/\/www.nbdogclothing.com\/wp-content\/uploads\/2024\/11\/467323868_544623901655233_7608801448920936456_n.jpg\",\"contentUrl\":\"https:\/\/www.nbdogclothing.com\/wp-content\/uploads\/2024\/11\/467323868_544623901655233_7608801448920936456_n.jpg\",\"width\":1080,\"height\":1080},{\"@type\":\"BreadcrumbList\",\"@id\":\"https:\/\/www.nbdogclothing.com\/en\/product\/fleece-overall-38-55cm\/#breadcrumb\",\"itemListElement\":[{\"@type\":\"ListItem\",\"position\":1,\"name\":\"Home\",\"item\":\"https:\/\/www.nbdogclothing.com\/en\/\"},{\"@type\":\"ListItem\",\"position\":2,\"name\":\"Shop\",\"item\":\"https:\/\/www.nbdogclothing.com\/en\/shop\/\"},{\"@type\":\"ListItem\",\"position\":3,\"name\":\"Fleece overall 38\/55cm\"}]},{\"@type\":\"WebSite\",\"@id\":\"https:\/\/www.nbdogclothing.com\/en\/#website\",\"url\":\"https:\/\/www.nbdogclothing.com\/en\/\",\"name\":\"NB Dog Clothing | Oble\u010denie pre v\u0161etky psy\",\"description\":\"\",\"potentialAction\":[{\"@type\":\"SearchAction\",\"target\":{\"@type\":\"EntryPoint\",\"urlTemplate\":\"https:\/\/www.nbdogclothing.com\/en\/?s={search_term_string}\"},\"query-input\":{\"@type\":\"PropertyValueSpecification\",\"valueRequired\":true,\"valueName\":\"search_term_string\"}}],\"inLanguage\":\"en-US\"}]}<\/script>\n<!-- \/ Yoast SEO plugin. -->","yoast_head_json":{"title":"Fleece overall 38\/55cm - NB Dog Clothing | Oble\u010denie pre v\u0161etky psy","robots":{"index":"index","follow":"follow","max-snippet":"max-snippet:-1","max-image-preview":"max-image-preview:large","max-video-preview":"max-video-preview:-1"},"canonical":"https:\/\/www.nbdogclothing.com\/en\/product\/fleece-overall-38-55cm\/","og_locale":"en_US","og_type":"article","og_title":"Fleece overall 38\/55cm - NB Dog Clothing | Oble\u010denie pre v\u0161etky psy","og_description":"The fleece dog jumpsuit is a great accessory for cold weather, ensuring that your dog stays warm and comfortable. This jumpsuit is made of soft and gentle fleece material, providing excellent insulation and retaining heat without being too heavy or restricting movement.","og_url":"https:\/\/www.nbdogclothing.com\/en\/product\/fleece-overall-38-55cm\/","og_site_name":"NB Dog Clothing | Oble\u010denie pre v\u0161etky psy","og_image":[{"width":1080,"height":1080,"url":"https:\/\/www.nbdogclothing.com\/wp-content\/uploads\/2024\/11\/467323868_544623901655233_7608801448920936456_n.jpg","type":"image\/jpeg"}],"twitter_card":"summary_large_image","schema":{"@context":"https:\/\/schema.org","@graph":[{"@type":"WebPage","@id":"https:\/\/www.nbdogclothing.com\/en\/product\/fleece-overall-38-55cm\/","url":"https:\/\/www.nbdogclothing.com\/en\/product\/fleece-overall-38-55cm\/","name":"Fleece overall 38\/55cm - NB Dog Clothing | Oble\u010denie pre v\u0161etky psy","isPartOf":{"@id":"https:\/\/www.nbdogclothing.com\/en\/#website"},"primaryImageOfPage":{"@id":"https:\/\/www.nbdogclothing.com\/en\/product\/fleece-overall-38-55cm\/#primaryimage"},"image":{"@id":"https:\/\/www.nbdogclothing.com\/en\/product\/fleece-overall-38-55cm\/#primaryimage"},"thumbnailUrl":"https:\/\/www.nbdogclothing.com\/wp-content\/uploads\/2024\/11\/467323868_544623901655233_7608801448920936456_n.jpg","datePublished":"2024-11-20T08:21:21+00:00","dateModified":"2024-11-20T08:21:21+00:00","breadcrumb":{"@id":"https:\/\/www.nbdogclothing.com\/en\/product\/fleece-overall-38-55cm\/#breadcrumb"},"inLanguage":"en-US","potentialAction":[{"@type":"ReadAction","target":["https:\/\/www.nbdogclothing.com\/en\/product\/fleece-overall-38-55cm\/"]}]},{"@type":"ImageObject","inLanguage":"en-US","@id":"https:\/\/www.nbdogclothing.com\/en\/product\/fleece-overall-38-55cm\/#primaryimage","url":"https:\/\/www.nbdogclothing.com\/wp-content\/uploads\/2024\/11\/467323868_544623901655233_7608801448920936456_n.jpg","contentUrl":"https:\/\/www.nbdogclothing.com\/wp-content\/uploads\/2024\/11\/467323868_544623901655233_7608801448920936456_n.jpg","width":1080,"height":1080},{"@type":"BreadcrumbList","@id":"https:\/\/www.nbdogclothing.com\/en\/product\/fleece-overall-38-55cm\/#breadcrumb","itemListElement":[{"@type":"ListItem","position":1,"name":"Home","item":"https:\/\/www.nbdogclothing.com\/en\/"},{"@type":"ListItem","position":2,"name":"Shop","item":"https:\/\/www.nbdogclothing.com\/en\/shop\/"},{"@type":"ListItem","position":3,"name":"Fleece overall 38\/55cm"}]},{"@type":"WebSite","@id":"https:\/\/www.nbdogclothing.com\/en\/#website","url":"https:\/\/www.nbdogclothing.com\/en\/","name":"NB Dog Clothing | Oble\u010denie pre v\u0161etky psy","description":"","potentialAction":[{"@type":"SearchAction","target":{"@type":"EntryPoint","urlTemplate":"https:\/\/www.nbdogclothing.com\/en\/?s={search_term_string}"},"query-input":{"@type":"PropertyValueSpecification","valueRequired":true,"valueName":"search_term_string"}}],"inLanguage":"en-US"}]}},"_links":{"self":[{"href":"https:\/\/www.nbdogclothing.com\/en\/wp-json\/wp\/v2\/product\/110144","targetHints":{"allow":["GET"]}}],"collection":[{"href":"https:\/\/www.nbdogclothing.com\/en\/wp-json\/wp\/v2\/product"}],"about":[{"href":"https:\/\/www.nbdogclothing.com\/en\/wp-json\/wp\/v2\/types\/product"}],"wp:featuredmedia":[{"embeddable":true,"href":"https:\/\/www.nbdogclothing.com\/en\/wp-json\/wp\/v2\/media\/110111"}],"wp:attachment":[{"href":"https:\/\/www.nbdogclothing.com\/en\/wp-json\/wp\/v2\/media?parent=110144"}],"wp:term":[{"taxonomy":"product_cat","embeddable":true,"href":"https:\/\/www.nbdogclothing.com\/en\/wp-json\/wp\/v2\/product_cat?post=110144"},{"taxonomy":"product_tag","embeddable":true,"href":"https:\/\/www.nbdogclothing.com\/en\/wp-json\/wp\/v2\/product_tag?post=110144"}],"curies":[{"name":"wp","href":"https:\/\/api.w.org\/{rel}","templated":true}]}}