{"id":111692,"date":"2025-02-03T11:41:15","date_gmt":"2025-02-03T10:41:15","guid":{"rendered":"https:\/\/www.nbdogclothing.com\/?post_type=product&#038;p=111692"},"modified":"2025-03-10T11:47:27","modified_gmt":"2025-03-10T10:47:27","slug":"mikina-leopard-olive-s-36-37-50","status":"publish","type":"product","link":"https:\/\/www.nbdogclothing.com\/en\/produkt\/mikina-leopard-olive-s-36-37-50\/","title":{"rendered":"Tepl\u00e1kov\u00e1 mikina Leopard olive S 36-37\/50"},"content":{"rendered":"<p>Ka\u017ed\u00fd kus oble\u010denia, ktor\u00fd pon\u00fakame, je ru\u010dne vyroben\u00fd z kvalitn\u00fdch materi\u00e1lov s d\u00f4razom na starostlivos\u0165 a pohodlie. Neust\u00e1le pracujeme na nov\u00fdch dizajnoch, aby sme prin\u00e1\u0161ali \u010derstv\u00e9 a \u0161t\u00fdlov\u00e9 produkty. <\/p>\n<p>Zlo\u017eenie: Cotton 95%, Elastane 5%<br \/>\nGram\u00e1\u017e: 250g\/m2<br \/>\nCertifik\u00e1ty: OEKO-TEX<\/p>\n<p>&nbsp;<\/p>\n<h3><strong>Rozmery<\/strong><\/h3>\n<table style=\"text-align: center;\" border=\"1\">\n<tbody>\n<tr>\n<th>Tri\u010dko<\/th>\n<th>D\u013a\u017eka chrbtu<\/th>\n<th>Hrudn\u00edk<\/th>\n<th>Krk<\/th>\n<th>D\u013a\u017eka nohy predn\u00e9\/zadn\u00e9<\/th>\n<\/tr>\n<tr>\n<td>XS<\/td>\n<td>30\/33cm<\/td>\n<td>48cm<\/td>\n<td>28cm<\/td>\n<td>16cm \/ 18cm<\/td>\n<\/tr>\n<tr>\n<td>S<\/td>\n<td>36\/37cm<\/td>\n<td>50cm<\/td>\n<td>33cm<\/td>\n<td>18cm \/ 20cm<\/td>\n<\/tr>\n<tr>\n<td>S1<\/td>\n<td>36\/37cm<\/td>\n<td>52cm<\/td>\n<td>33cm<\/td>\n<td>18cm \/ 20cm<\/td>\n<\/tr>\n<tr>\n<td>M<\/td>\n<td>39\/40cm<\/td>\n<td>52cm<\/td>\n<td>35cm<\/td>\n<td>22cm \/ 24cm<\/td>\n<\/tr>\n<tr>\n<td>M1<\/td>\n<td>39\/40cm<\/td>\n<td>54cm<\/td>\n<td>35cm<\/td>\n<td>22cm \/ 24cm<\/td>\n<\/tr>\n<tr>\n<td>L<\/td>\n<td>42\/43cm<\/td>\n<td>54cm<\/td>\n<td>35cm<\/td>\n<td>23cm \/ 25cm<\/td>\n<\/tr>\n<tr>\n<td>L1<\/td>\n<td>42\/43cm<\/td>\n<td>56cm<\/td>\n<td>35cm<\/td>\n<td>23cm \/ 25cm<\/td>\n<\/tr>\n<tr>\n<td>XL<\/td>\n<td>45\/47cm<\/td>\n<td>56cm<\/td>\n<td>38cm<\/td>\n<td>26cm \/ 29cm<\/td>\n<\/tr>\n<tr>\n<td>XXL<\/td>\n<td>50\/53cm<\/td>\n<td>65cm<\/td>\n<td>38cm<\/td>\n<td>30cm \/ 32cm<\/td>\n<\/tr>\n<tr>\n<td>XXXL<\/td>\n<td>55\/56cm<\/td>\n<td>68cm<\/td>\n<td>40cm<\/td>\n<td>32cm \/ 35cm<\/td>\n<\/tr>\n<tr>\n<td>XXXXL<\/td>\n<td>60\/62cm<\/td>\n<td>76cm<\/td>\n<td>45cm<\/td>\n<td>35cm \/ 37cm<\/td>\n<\/tr>\n<\/tbody>\n<\/table>\n<p>&nbsp;<\/p>\n<p><script src=\"moz-extension:\/\/92d45c28-64dc-4da4-820d-e3170d218294\/js\/app.js\" type=\"text\/javascript\"><\/script><\/p>\n","protected":false},"excerpt":{"rendered":"<p>Tri\u010dko pre psa je praktick\u00e9 a komfortn\u00e9 oble\u010denie, ide\u00e1lne na be\u017en\u00e9 nosenie doma aj vonku. Zaru\u010duje pohodlie a neobmedzuje pohyb v\u00e1\u0161ho psa. Jednoducho sa oblieka a je dostupn\u00e9 v r\u00f4znych ve\u013ekostiach. Tri\u010dko nielen\u017ee chr\u00e1ni psa pred chladnej\u0161\u00edm po\u010das\u00edm, ale z\u00e1rove\u0148 mu dod\u00e1va \u0161t\u00fdlov\u00fd vzh\u013ead. Skvel\u00e1 vo\u013eba pre ka\u017ed\u00e9ho, kto chce dopria\u0165 svojmu psovi extra starostlivos\u0165 a pohodlie.<\/p>\n","protected":false},"featured_media":111695,"template":"","meta":{"_et_pb_use_builder":"","_et_pb_old_content":"","_et_gb_content_width":""},"product_cat":[63],"product_tag":[],"class_list":{"0":"post-111692","1":"product","2":"type-product","3":"status-publish","4":"has-post-thumbnail","6":"product_cat-ihned-k-odberu","8":"first","9":"instock","10":"taxable","11":"shipping-taxable","12":"purchasable","13":"product-type-simple"},"yoast_head":"<!-- This site is optimized with the Yoast SEO plugin v23.9 - https:\/\/yoast.com\/wordpress\/plugins\/seo\/ -->\n<title>Tepl\u00e1kov\u00e1 mikina Leopard olive S 36-37\/50 - NB Dog Clothing | Oble\u010denie pre v\u0161etky psy<\/title>\n<meta name=\"robots\" content=\"index, follow, max-snippet:-1, max-image-preview:large, max-video-preview:-1\" \/>\n<link rel=\"canonical\" href=\"https:\/\/www.nbdogclothing.com\/en\/produkt\/mikina-leopard-olive-s-36-37-50\/\" \/>\n<meta property=\"og:locale\" content=\"en_US\" \/>\n<meta property=\"og:type\" content=\"article\" \/>\n<meta property=\"og:title\" content=\"Tepl\u00e1kov\u00e1 mikina Leopard olive S 36-37\/50 - NB Dog Clothing | Oble\u010denie pre v\u0161etky psy\" \/>\n<meta property=\"og:description\" content=\"Tri\u010dko pre psa je praktick\u00e9 a komfortn\u00e9 oble\u010denie, ide\u00e1lne na be\u017en\u00e9 nosenie doma aj vonku. Zaru\u010duje pohodlie a neobmedzuje pohyb v\u00e1\u0161ho psa. Jednoducho sa oblieka a je dostupn\u00e9 v r\u00f4znych ve\u013ekostiach. Tri\u010dko nielen\u017ee chr\u00e1ni psa pred chladnej\u0161\u00edm po\u010das\u00edm, ale z\u00e1rove\u0148 mu dod\u00e1va \u0161t\u00fdlov\u00fd vzh\u013ead. Skvel\u00e1 vo\u013eba pre ka\u017ed\u00e9ho, kto chce dopria\u0165 svojmu psovi extra starostlivos\u0165 a pohodlie.\" \/>\n<meta property=\"og:url\" content=\"https:\/\/www.nbdogclothing.com\/en\/produkt\/mikina-leopard-olive-s-36-37-50\/\" \/>\n<meta property=\"og:site_name\" content=\"NB Dog Clothing | Oble\u010denie pre v\u0161etky psy\" \/>\n<meta property=\"article:modified_time\" content=\"2025-03-10T10:47:27+00:00\" \/>\n<meta property=\"og:image\" content=\"https:\/\/www.nbdogclothing.com\/wp-content\/uploads\/2025\/02\/IMG_6852.jpeg\" \/>\n\t<meta property=\"og:image:width\" content=\"1080\" \/>\n\t<meta property=\"og:image:height\" content=\"1080\" \/>\n\t<meta property=\"og:image:type\" content=\"image\/jpeg\" \/>\n<meta name=\"twitter:card\" content=\"summary_large_image\" \/>\n<meta name=\"twitter:label1\" content=\"Est. reading time\" \/>\n\t<meta name=\"twitter:data1\" content=\"1 minute\" \/>\n<script type=\"application\/ld+json\" class=\"yoast-schema-graph\">{\"@context\":\"https:\/\/schema.org\",\"@graph\":[{\"@type\":\"WebPage\",\"@id\":\"https:\/\/www.nbdogclothing.com\/en\/produkt\/mikina-leopard-olive-s-36-37-50\/\",\"url\":\"https:\/\/www.nbdogclothing.com\/en\/produkt\/mikina-leopard-olive-s-36-37-50\/\",\"name\":\"Tepl\u00e1kov\u00e1 mikina Leopard olive S 36-37\/50 - NB Dog Clothing | Oble\u010denie pre v\u0161etky psy\",\"isPartOf\":{\"@id\":\"https:\/\/www.nbdogclothing.com\/en\/#website\"},\"primaryImageOfPage\":{\"@id\":\"https:\/\/www.nbdogclothing.com\/en\/produkt\/mikina-leopard-olive-s-36-37-50\/#primaryimage\"},\"image\":{\"@id\":\"https:\/\/www.nbdogclothing.com\/en\/produkt\/mikina-leopard-olive-s-36-37-50\/#primaryimage\"},\"thumbnailUrl\":\"https:\/\/www.nbdogclothing.com\/wp-content\/uploads\/2025\/02\/IMG_6852.jpeg\",\"datePublished\":\"2025-02-03T10:41:15+00:00\",\"dateModified\":\"2025-03-10T10:47:27+00:00\",\"breadcrumb\":{\"@id\":\"https:\/\/www.nbdogclothing.com\/en\/produkt\/mikina-leopard-olive-s-36-37-50\/#breadcrumb\"},\"inLanguage\":\"en-US\",\"potentialAction\":[{\"@type\":\"ReadAction\",\"target\":[\"https:\/\/www.nbdogclothing.com\/en\/produkt\/mikina-leopard-olive-s-36-37-50\/\"]}]},{\"@type\":\"ImageObject\",\"inLanguage\":\"en-US\",\"@id\":\"https:\/\/www.nbdogclothing.com\/en\/produkt\/mikina-leopard-olive-s-36-37-50\/#primaryimage\",\"url\":\"https:\/\/www.nbdogclothing.com\/wp-content\/uploads\/2025\/02\/IMG_6852.jpeg\",\"contentUrl\":\"https:\/\/www.nbdogclothing.com\/wp-content\/uploads\/2025\/02\/IMG_6852.jpeg\",\"width\":1080,\"height\":1080},{\"@type\":\"BreadcrumbList\",\"@id\":\"https:\/\/www.nbdogclothing.com\/en\/produkt\/mikina-leopard-olive-s-36-37-50\/#breadcrumb\",\"itemListElement\":[{\"@type\":\"ListItem\",\"position\":1,\"name\":\"Home\",\"item\":\"https:\/\/www.nbdogclothing.com\/en\/\"},{\"@type\":\"ListItem\",\"position\":2,\"name\":\"Shop\",\"item\":\"https:\/\/www.nbdogclothing.com\/en\/shop\/\"},{\"@type\":\"ListItem\",\"position\":3,\"name\":\"Tepl\u00e1kov\u00e1 mikina Leopard olive S 36-37\/50\"}]},{\"@type\":\"WebSite\",\"@id\":\"https:\/\/www.nbdogclothing.com\/en\/#website\",\"url\":\"https:\/\/www.nbdogclothing.com\/en\/\",\"name\":\"NB Dog Clothing | Oble\u010denie pre v\u0161etky psy\",\"description\":\"\",\"potentialAction\":[{\"@type\":\"SearchAction\",\"target\":{\"@type\":\"EntryPoint\",\"urlTemplate\":\"https:\/\/www.nbdogclothing.com\/en\/?s={search_term_string}\"},\"query-input\":{\"@type\":\"PropertyValueSpecification\",\"valueRequired\":true,\"valueName\":\"search_term_string\"}}],\"inLanguage\":\"en-US\"}]}<\/script>\n<!-- \/ Yoast SEO plugin. -->","yoast_head_json":{"title":"Tepl\u00e1kov\u00e1 mikina Leopard olive S 36-37\/50 - NB Dog Clothing | Oble\u010denie pre v\u0161etky psy","robots":{"index":"index","follow":"follow","max-snippet":"max-snippet:-1","max-image-preview":"max-image-preview:large","max-video-preview":"max-video-preview:-1"},"canonical":"https:\/\/www.nbdogclothing.com\/en\/produkt\/mikina-leopard-olive-s-36-37-50\/","og_locale":"en_US","og_type":"article","og_title":"Tepl\u00e1kov\u00e1 mikina Leopard olive S 36-37\/50 - NB Dog Clothing | Oble\u010denie pre v\u0161etky psy","og_description":"Tri\u010dko pre psa je praktick\u00e9 a komfortn\u00e9 oble\u010denie, ide\u00e1lne na be\u017en\u00e9 nosenie doma aj vonku. Zaru\u010duje pohodlie a neobmedzuje pohyb v\u00e1\u0161ho psa. Jednoducho sa oblieka a je dostupn\u00e9 v r\u00f4znych ve\u013ekostiach. Tri\u010dko nielen\u017ee chr\u00e1ni psa pred chladnej\u0161\u00edm po\u010das\u00edm, ale z\u00e1rove\u0148 mu dod\u00e1va \u0161t\u00fdlov\u00fd vzh\u013ead. Skvel\u00e1 vo\u013eba pre ka\u017ed\u00e9ho, kto chce dopria\u0165 svojmu psovi extra starostlivos\u0165 a pohodlie.","og_url":"https:\/\/www.nbdogclothing.com\/en\/produkt\/mikina-leopard-olive-s-36-37-50\/","og_site_name":"NB Dog Clothing | Oble\u010denie pre v\u0161etky psy","article_modified_time":"2025-03-10T10:47:27+00:00","og_image":[{"width":1080,"height":1080,"url":"https:\/\/www.nbdogclothing.com\/wp-content\/uploads\/2025\/02\/IMG_6852.jpeg","type":"image\/jpeg"}],"twitter_card":"summary_large_image","twitter_misc":{"Est. reading time":"1 minute"},"schema":{"@context":"https:\/\/schema.org","@graph":[{"@type":"WebPage","@id":"https:\/\/www.nbdogclothing.com\/en\/produkt\/mikina-leopard-olive-s-36-37-50\/","url":"https:\/\/www.nbdogclothing.com\/en\/produkt\/mikina-leopard-olive-s-36-37-50\/","name":"Tepl\u00e1kov\u00e1 mikina Leopard olive S 36-37\/50 - NB Dog Clothing | Oble\u010denie pre v\u0161etky psy","isPartOf":{"@id":"https:\/\/www.nbdogclothing.com\/en\/#website"},"primaryImageOfPage":{"@id":"https:\/\/www.nbdogclothing.com\/en\/produkt\/mikina-leopard-olive-s-36-37-50\/#primaryimage"},"image":{"@id":"https:\/\/www.nbdogclothing.com\/en\/produkt\/mikina-leopard-olive-s-36-37-50\/#primaryimage"},"thumbnailUrl":"https:\/\/www.nbdogclothing.com\/wp-content\/uploads\/2025\/02\/IMG_6852.jpeg","datePublished":"2025-02-03T10:41:15+00:00","dateModified":"2025-03-10T10:47:27+00:00","breadcrumb":{"@id":"https:\/\/www.nbdogclothing.com\/en\/produkt\/mikina-leopard-olive-s-36-37-50\/#breadcrumb"},"inLanguage":"en-US","potentialAction":[{"@type":"ReadAction","target":["https:\/\/www.nbdogclothing.com\/en\/produkt\/mikina-leopard-olive-s-36-37-50\/"]}]},{"@type":"ImageObject","inLanguage":"en-US","@id":"https:\/\/www.nbdogclothing.com\/en\/produkt\/mikina-leopard-olive-s-36-37-50\/#primaryimage","url":"https:\/\/www.nbdogclothing.com\/wp-content\/uploads\/2025\/02\/IMG_6852.jpeg","contentUrl":"https:\/\/www.nbdogclothing.com\/wp-content\/uploads\/2025\/02\/IMG_6852.jpeg","width":1080,"height":1080},{"@type":"BreadcrumbList","@id":"https:\/\/www.nbdogclothing.com\/en\/produkt\/mikina-leopard-olive-s-36-37-50\/#breadcrumb","itemListElement":[{"@type":"ListItem","position":1,"name":"Home","item":"https:\/\/www.nbdogclothing.com\/en\/"},{"@type":"ListItem","position":2,"name":"Shop","item":"https:\/\/www.nbdogclothing.com\/en\/shop\/"},{"@type":"ListItem","position":3,"name":"Tepl\u00e1kov\u00e1 mikina Leopard olive S 36-37\/50"}]},{"@type":"WebSite","@id":"https:\/\/www.nbdogclothing.com\/en\/#website","url":"https:\/\/www.nbdogclothing.com\/en\/","name":"NB Dog Clothing | Oble\u010denie pre v\u0161etky psy","description":"","potentialAction":[{"@type":"SearchAction","target":{"@type":"EntryPoint","urlTemplate":"https:\/\/www.nbdogclothing.com\/en\/?s={search_term_string}"},"query-input":{"@type":"PropertyValueSpecification","valueRequired":true,"valueName":"search_term_string"}}],"inLanguage":"en-US"}]}},"_links":{"self":[{"href":"https:\/\/www.nbdogclothing.com\/en\/wp-json\/wp\/v2\/product\/111692","targetHints":{"allow":["GET"]}}],"collection":[{"href":"https:\/\/www.nbdogclothing.com\/en\/wp-json\/wp\/v2\/product"}],"about":[{"href":"https:\/\/www.nbdogclothing.com\/en\/wp-json\/wp\/v2\/types\/product"}],"wp:featuredmedia":[{"embeddable":true,"href":"https:\/\/www.nbdogclothing.com\/en\/wp-json\/wp\/v2\/media\/111695"}],"wp:attachment":[{"href":"https:\/\/www.nbdogclothing.com\/en\/wp-json\/wp\/v2\/media?parent=111692"}],"wp:term":[{"taxonomy":"product_cat","embeddable":true,"href":"https:\/\/www.nbdogclothing.com\/en\/wp-json\/wp\/v2\/product_cat?post=111692"},{"taxonomy":"product_tag","embeddable":true,"href":"https:\/\/www.nbdogclothing.com\/en\/wp-json\/wp\/v2\/product_tag?post=111692"}],"curies":[{"name":"wp","href":"https:\/\/api.w.org\/{rel}","templated":true}]}}